{"id":106,"date":"2022-05-16T20:23:16","date_gmt":"2022-05-16T18:23:16","guid":{"rendered":"https:\/\/network-corporate.fr\/?page_id=106"},"modified":"2024-12-28T11:20:08","modified_gmt":"2024-12-28T10:20:08","slug":"106-2","status":"publish","type":"page","link":"https:\/\/network-corporate.fr\/index.php\/106-2\/","title":{"rendered":"Formation IAS Niveau 1"},"content":{"rendered":"<p><strong>Interm\u00e9diaire d\u2019Assurance<\/strong><\/p><p>150 heures<\/p><p>notre programme de formation est t\u00e9l\u00e9chargeable sur notre plateforme de cours <a href=\"https:\/\/formation.network-corporate.fr\/\">https:\/\/formation.network-corporate.fr\/<\/a><\/p><div class=\"wp-block-columns is-layout-flex wp-container-core-columns-is-layout-9d6595d7 wp-block-columns-is-layout-flex\"><div class=\"wp-block-column is-layout-flow wp-block-column-is-layout-flow\"><h5 class=\"wp-block-heading\">Vous souhaitez devenir courtier en assurance&nbsp;<br>Vous souhaitez effectuer une r\u00e9orientation professionnelle ? Ou obtenir une promotion ?<br>Vous \u00eates \u00e9tudiant et pr\u00e9parez un examen ou concours demandant un certain niveau en assurance ?&nbsp;<br>network corporate vous propose ses cours en assurance, afin de vous guider dans votre apprentissage.<\/h5>\n\n<h3 class=\"wp-block-heading\">Objectifs de la formation<\/h3>\n\n<ul class=\"wp-block-list\"><li>&#8211; R\u00e9pondre aux exigence du livret de formation pos\u00e9es par la loi pour les courtiers en assurance (d\u00e9livrance du livret niveau I) &#8211; Acqu\u00e9rir les connaissances n\u00e9cessaires pour pouvoir exercer une activit\u00e9 d&#8217;interm\u00e9diaire en assurance dans la cat\u00e9gorie courtier ou mandataire d&#8217;interm\u00e9diaire en assurances &#8211; D\u00e9velopper vos comp\u00e9tences dans la distribution de produits d&#8217;assurance &#8211; Pouvoir s&#8217;immatriculer aupr\u00e8s de l&#8217; ORIAS et exercer ind\u00e9pendamment dans le secteur des assurances<\/li><\/ul>\n\n<p>1<strong>50 heures<\/strong> sur notre Plateforme Network Corporate <a href=\"https:\/\/formation.network-corporate.fr\/courses\/\">https:\/\/formation.network-corporate.fr\/courses\/<\/a><\/p>\n\n<h3 class=\"wp-block-heading\">Format et p\u00e9dagogie<\/h3>\n\n<h5 class=\"wp-block-heading\">Le format des cours :<\/h5>\n\n<p>La dur\u00e9e de la formation est de&nbsp;150 heures. Les cours sont dispens\u00e9es 100 % en ligne.&nbsp;Le contenu et le format de nos formations sont toutefois personnalisables selon vos besoins.<\/p>\n\n<p><\/p>\n\n<h5 class=\"wp-block-heading\">Notre p\u00e9dagogie :<\/h5>\n\n<ul class=\"wp-block-list\"><li>Nos support de cours sont sur notre plateforme de cours <a href=\"https:\/\/formation.network-corporate.fr\/courses\/\">https:\/\/formation.network-corporate.fr\/courses\/<\/a><\/li>\n\n<li>&nbsp;<\/li><\/ul>\n\n<p><strong>CIBLES&nbsp;&nbsp;&nbsp;&nbsp;&nbsp;<\/strong>&nbsp;&nbsp;&nbsp;&nbsp;&nbsp;&nbsp;&nbsp;&nbsp;&nbsp;&nbsp;&nbsp;&nbsp;&nbsp;&nbsp;&nbsp;&nbsp;&nbsp;&nbsp;&nbsp;&nbsp;&nbsp;&nbsp;&nbsp;&nbsp;&nbsp;&nbsp;&nbsp;&nbsp;&nbsp;&nbsp;&nbsp;&nbsp;&nbsp;&nbsp;&nbsp;&nbsp;&nbsp;&nbsp;&nbsp;&nbsp;&nbsp;&nbsp;&nbsp;<\/p>\n\n<p>Courtiers en assurances <\/p>\n\n<p>Personnes souhaitant valider l&#8217;habilitation d&#8217;IAS Niveau 1<\/p>\n\n<p> Agent g\u00e9n\u00e9ral d\u2019assurances<\/p>\n\n<p>Etablissement de cr\u00e9dit<\/p>\n\n<p>Soci\u00e9t\u00e9 de financement<\/p>\n\n<p>Salari\u00e9s, demandeurs d&#8217;emplois inscrits dans un projet de reconversion professionnelle.<\/p>\n\n<p><strong>PREREQUIS<\/strong><\/p>\n\n<h4 class=\"wp-block-heading\">N I V E A U<\/h4>\n\n<p>Pas de niveau requis.<\/p>\n\n<h4 class=\"wp-block-heading\">T E C H N I Q U E S<\/h4>\n\n<p>Pr\u00e9requis n\u00e9cessaires \u00e0 minima ma\u00eetrise de la langue fran\u00e7aise, utilisation d\u2019un ordinateur, connexion internet et notions du budget d\u2019un m\u00e9nage<\/p>\n\n<h2 class=\"wp-block-heading\">Nos programmes<\/h2>\n\n<p><strong>Module 1 \u2013 El\u00e9ments juridiques (e-learning 10 heures)<\/strong><\/p>\n\n<p>S\u00e9quence 1 \u2013 Le droit civil S\u00e9quence 2 \u2013 Le contrat de travail<\/p>\n\n<p><strong>Quiz de validation des comp\u00e9tences<\/strong><strong><\/strong><\/p>\n\n<p><strong>Module 2 \u2013 Les savoirs g\u00e9n\u00e9raux (e-learning 25 heures) <\/strong>S\u00e9quence 1 \u2013 La pr\u00e9sentation du secteur de l\u2019assurance S\u00e9quence 2 \u2013 Les entreprises d\u2019assurance<\/p>\n\n<p>S\u00e9quence 3 \u2013 L\u2019op\u00e9ration d\u2019assurance<\/p>\n\n<p>S\u00e9quence 4 \u2013 Les diff\u00e9rentes cat\u00e9gories d\u2019assurance S\u00e9quence 5 \u2013 L\u2019interm\u00e9diation en assurance S\u00e9quence 6 \u2013 La relation avec le client<\/p>\n\n<p>S\u00e9quence 7 \u2013 La lutte contre le blanchiment<\/p>\n\n<p><strong>Quiz de validation des comp\u00e9tences<\/strong><strong><\/strong><\/p>\n\n<p><strong>Module 3 \u2013 Les assurances de personnes (Incapacit\u00e9, Invalidit\u00e9, D\u00e9c\u00e8s, D\u00e9pendance, <\/strong><strong>Sant\u00e9) (e-learning 25 heures)<\/strong><strong><\/strong><\/p>\n\n<p>S\u00e9quence 1 \u2013 L\u2019assurance contre les risques corporels S\u00e9quence 2 \u2013 La d\u00e9pendance<\/p>\n\n<p>S\u00e9quence 3 \u2013 L\u2019assurance compl\u00e9mentaire sant\u00e9<\/p>\n\n<p><strong>Quiz de validation des comp\u00e9tences<\/strong><strong><\/strong><\/p>\n\n<p><strong>Module 4 \u2013 Assurance vie et capitalisation (e-learning 20 heures)<\/strong><strong><\/strong><\/p>\n\n<p>S\u00e9quence 1 &#8211; La prise en compte des besoins S\u00e9quence 2 \u2013 Les principales cat\u00e9gories de contrats S\u00e9quence 3 \u2013 Les sp\u00e9cificit\u00e9s<\/p>\n\n<p><strong>Quiz de validation des comp\u00e9tences<\/strong><strong><\/strong><\/p>\n\n<p><strong>Module 5 &#8211; Assurance de personnes &#8211; les contrats collectifs (e-learning 10 heures)<\/strong><strong><\/strong><\/p>\n\n<p>S\u00e9quence 1 \u2013 L\u2019assurance de groupe<\/p>\n\n<p>S\u00e9quence 2 &#8211; Les contrats collectifs au profit des salari\u00e9s<\/p>\n\n<p><strong>Quiz de validation des comp\u00e9tences<\/strong><strong><\/strong><\/p>\n\n<p><strong>Module 6 \u2013 Assurance pr\u00e9voyance (e-learning 10 heures) <\/strong><strong>Quiz de validation des comp\u00e9tences<\/strong><strong><\/strong><\/p>\n\n<p><strong>Module 7 \u2013 Assurance \u201cbranche vie\u201d (e-learning 10 heures) <\/strong><strong>Quiz de validation des comp\u00e9tences<\/strong><strong><\/strong><\/p>\n\n<p><strong>Module 8 &#8211; Assurance vie \u00ab placement \u00bb (e-learning 10 heures) <\/strong><strong>Quiz de validation des comp\u00e9tences<\/strong><strong><\/strong><\/p>\n\n<p><strong>Module 9 &#8211; Assurance de biens et de responsabilit\u00e9 (e-learning 30 heures)<\/strong><strong><\/strong><\/p>\n\n<p>S\u00e9quence 1 \u2013 L\u2019appr\u00e9ciation et la s\u00e9lection du risque S\u00e9quence 2 \u2013 Les diff\u00e9rents types de contrats S\u00e9quence 3 \u2013 Les assurances des risques d\u2019entreprises<\/p>\n\n<p>S\u00e9quence 4 \u2013 La pr\u00e9sentation des garanties et la tarification S\u00e9quence 5 \u2013 La vie du contrat<\/p>\n\n<p><strong>Quiz de validation des comp\u00e9tences<\/strong><strong><\/strong><\/p>\n\n<p><strong>Quiz g\u00e9n\u00e9ral de validation des comp\u00e9tences<\/strong><strong><\/strong><\/p>\n\n<p><strong>Les points forts de la formation : <\/strong><\/p>\n\n<p>Les journ\u00e9es de formation peuvent \u00eatre espac\u00e9es afin d&#8217;alterner th\u00e9orie et pratique.<br>Souplesse<br>Nous conviendrons ensemble des dates de votre formation.<br>R\u00e9activit\u00e9<br>R\u00e9ponses imm\u00e9diates garanties, devis sous 24h durant les jours ouvrable.<\/p>\n\n<h1 class=\"wp-block-heading\">MODALITES<\/h1>\n\n<h2 class=\"wp-block-heading\">P E D A G O G I Q U E S<\/h2>\n\n<p>Le stagiaire a diff\u00e9rents moyens lui permettant d&#8217;\u00eatre accompagn\u00e9 par un tuteur formateur : visio-conf\u00e9rence, rendez-vous t\u00e9l\u00e9phonique &#8230; un book de formation peut lui \u00eatre adress\u00e9. <strong>La formation est en 100% e-learning avec des classes virtuelles anim\u00e9es par un expert de la profession, <\/strong>le stagiaire peut r\u00e9aliser ses cours de chez lui et les suivre sur ordinateur, sur tablette ou m\u00eame sur son smartphone. Le stagiaire a la possibilit\u00e9 de t\u00e9l\u00e9charger ou d\u2019imprimer l\u2019int\u00e9gralit\u00e9 des cours.<\/p>\n\n<h2 class=\"wp-block-heading\">P E D A G O G I Q U E S  A D A P T E E S<\/h2>\n\n<p>Pour en savoir plus sur l\u2019accessibilit\u00e9 aux personnes en situation de handicap, contactez-nous par courriel <a href=\"mailto:a.boudalia@network-corporate.fr%20\">a.boudalia@network-corporate.fr <\/a>ou par t\u00e9l\u00e9phone au 04 83&nbsp;155 887<\/p>\n\n<h2 class=\"wp-block-heading\"> V A L I D A T I O N<\/h2>\n\n<p>Chaque module de la formation se formalise par des examens validant la compr\u00e9hension des \u00e9l\u00e9ments expos\u00e9s durant l\u2019apprentissage. Afin de pouvoir passer au module suivant, le taux de r\u00e9ussite aux tests de contr\u00f4le des connaissances devra \u00eatre de 75 % au minimum.<\/p>\n\n<p>A l\u2019issue de cet apprentissage, apr\u00e8s lecture de chaque module, un dernier quiz reprenant la globalit\u00e9 de la formation permet d\u2019obtenir l\u2019attestation n\u00e9cessaire \u00e0 l\u2019exercice des m\u00e9tiers. Le pourcentage de bonnes r\u00e9ponses de cet examen doit \u00eatre d\u2019au moins 75 %, conform\u00e9ment \u00e0 la loi r\u00e9gissant l\u2019obtention de cette attestation. En cas d\u2019\u00e9chec, les Stagiaires sont amen\u00e9s \u00e0 relire la totalit\u00e9 des modules sans avoir \u00e0 repasser les quiz interm\u00e9diaires, leur permettant ainsi de repasser leur examen, afin d\u2019atteindre le niveau requis.<\/p>\n\n<p><strong>Horaires : <\/strong><\/p>\n\n<p>9h30 &#8211; 12h    14h &#8211; 18h30<\/p>\n\n<p>12 Avenue des Arlucs 06150 Cannes T\u00e9l : 04 83 155 887<\/p>\n\n<p><\/p>\n\n<p><strong>Parcours : <\/strong><\/p>\n\n<p>Le ou La stagiaire effectuera des tests avant, pendant et apr\u00e8s la formation.<\/p>\n\n<p>De plus afin de r\u00e9pondre au mieux \u00e0 votre demande, et d&#8217;am\u00e9liorer notre service qualit\u00e9 nous vous invitons \u00e0 remplir notre questionnaire de satisfaction. En l&#8217;absence d&#8217;un retour de votre part, le questionnaire vous sera retourner sous 7 jours. Si vous ne l&#8217;avez pas re\u00e7u et que vous souhaitez le demander veuillez nous faire la demande dans la rubrique &#8221; contact\/r\u00e9clamation &#8220;<\/p>\n\n<p><br><\/p>\n\n<p><a href=\"https:\/\/www.french-in-cannes.fr\/cours-d-anglais\/\"><br><\/a><\/p>\n\n<p><\/p>\n\n<p><strong>Date d&#8217;entr\u00e9e<\/strong> :<\/p>\n\n<p>Il est possible d\u2019int\u00e9grer un cours tout au long de l\u2019ann\u00e9e.<br>De plus, de nouvelles classes peuvent \u00eatre cr\u00e9\u00e9es sur demande.<br>Pour plus d\u2019informations, merci de nous contacter au 04 83 155 887&nbsp;<\/p>\n\n<p><strong>Notre grille tarifaire<\/strong> :<\/p>\n\n<p><\/p>\n\n<p>Formation de 150h<br>Cours individuel : 1200\u20ac par personne<br><\/p>\n\n<p>*Vous \u00eates un groupe, une entreprise ou un particulier souhaitant un programme sur-mesure : Merci de nous contacter via le formulaire de contact.<\/p>\n\n<p><strong>Evaluation :<\/strong><\/p>\n\n<p>LA FORMATION EN LIGNE<\/p>\n\n<h2 class=\"wp-block-heading\">U N  A C C O M P A G N E M E N T  P E R S O N N A L I S E  T O U T A U  L O N G  D E  V O T R E  P A R C O U R S  D E&nbsp;&nbsp; F O R M A T I ON<\/h2>\n\n<p>Un Tuteur-Formateur unique, professionnel du m\u00e9tier<\/p>\n\n<p>Un Conseiller Virtuel<\/p>\n\n<p>Un r\u00e9el suivi des stagiaires : courriels, contacts t\u00e9l\u00e9phoniques, une r\u00e9ponse sous 24 heures \u00e0 toutes questions<\/p>\n\n<h2 class=\"wp-block-heading\">D E S O U T I L S A L A P O I N T E D E L A T E C H N O L O G I E<\/h2>\n\n<p>Notre propre plateforme accessible 24h\/24 et 7j\/7, des quiz ludiques, des cas pratiques, des classes virtuelles, des lexiques, des revues de presses et des fiches de synth\u00e8se pour vous accompagner et vous aider \u00e0 une meilleure compr\u00e9hension de votre futur m\u00e9tier<\/p>\n\n<p><\/p>\n\n<p>Une possibilit\u00e9 de t\u00e9l\u00e9charger, d&#8217;imprimer votre cours Un suivi en temps r\u00e9el de votre progression<\/p>\n\n<h2 class=\"wp-block-heading\"><\/h2>\n\n<p><strong>En fin de formation, chaque \u00e9tudiant re\u00e7oit :<\/strong><\/p>\n\n<ul class=\"wp-block-list\"><li>Un support reprenant les principales notions th\u00e9oriques abord\u00e9es.<\/li>\n\n<li>La feuille d\u2019\u00e9valuation de fin de session, attestant du niveau de l\u2019\u00e9tudiant<\/li><\/ul><\/div><\/div>","protected":false},"excerpt":{"rendered":"<p>Interm\u00e9diaire d\u2019Assurance 150 heures notre programme de formation est t\u00e9l\u00e9chargeable sur notre plateforme de cours https:\/\/formation.network-corporate.fr\/ Vous souhaitez devenir courtier en assurance&nbsp;Vous souhaitez effectuer une r\u00e9orientation professionnelle ? Ou obtenir une promotion ?Vous \u00eates \u00e9tudiant et pr\u00e9parez un examen ou concours demandant un certain niveau en assurance ?&nbsp;network corporate vous propose ses cours en assurance, [&hellip;]<\/p>\n","protected":false},"author":1,"featured_media":0,"parent":0,"menu_order":0,"comment_status":"closed","ping_status":"closed","template":"","meta":{"footnotes":""},"class_list":["post-106","page","type-page","status-publish","hentry"],"_links":{"self":[{"href":"https:\/\/network-corporate.fr\/index.php\/wp-json\/wp\/v2\/pages\/106","targetHints":{"allow":["GET"]}}],"collection":[{"href":"https:\/\/network-corporate.fr\/index.php\/wp-json\/wp\/v2\/pages"}],"about":[{"href":"https:\/\/network-corporate.fr\/index.php\/wp-json\/wp\/v2\/types\/page"}],"author":[{"embeddable":true,"href":"https:\/\/network-corporate.fr\/index.php\/wp-json\/wp\/v2\/users\/1"}],"replies":[{"embeddable":true,"href":"https:\/\/network-corporate.fr\/index.php\/wp-json\/wp\/v2\/comments?post=106"}],"version-history":[{"count":12,"href":"https:\/\/network-corporate.fr\/index.php\/wp-json\/wp\/v2\/pages\/106\/revisions"}],"predecessor-version":[{"id":237,"href":"https:\/\/network-corporate.fr\/index.php\/wp-json\/wp\/v2\/pages\/106\/revisions\/237"}],"wp:attachment":[{"href":"https:\/\/network-corporate.fr\/index.php\/wp-json\/wp\/v2\/media?parent=106"}],"curies":[{"name":"wp","href":"https:\/\/api.w.org\/{rel}","templated":true}]}}