{"id":127,"date":"2022-05-19T11:32:30","date_gmt":"2022-05-19T09:32:30","guid":{"rendered":"https:\/\/network-corporate.fr\/?page_id=127"},"modified":"2022-05-19T11:33:50","modified_gmt":"2022-05-19T09:33:50","slug":"mdph","status":"publish","type":"page","link":"https:\/\/network-corporate.fr\/index.php\/mdph\/","title":{"rendered":"Mdph"},"content":{"rendered":"<p><a href=\"https:\/\/mdphenligne.cnsa.fr\/\">https:\/\/mdphenligne.cnsa.fr\/<\/a><\/p><p>Organisme qui R\u00e9f\u00e9rence les maisons d\u00e9partementale pour les personnes handicap\u00e9<\/p><p>Lien du site avec accompagnement pour les demandes en fonction des r\u00e9gions<\/p><p><\/p>","protected":false},"excerpt":{"rendered":"<p>https:\/\/mdphenligne.cnsa.fr\/ Organisme qui R\u00e9f\u00e9rence les maisons d\u00e9partementale pour les personnes handicap\u00e9 Lien du site avec accompagnement pour les demandes en fonction des r\u00e9gions<\/p>\n","protected":false},"author":1,"featured_media":0,"parent":0,"menu_order":0,"comment_status":"closed","ping_status":"closed","template":"","meta":{"footnotes":""},"class_list":["post-127","page","type-page","status-publish","hentry"],"_links":{"self":[{"href":"https:\/\/network-corporate.fr\/index.php\/wp-json\/wp\/v2\/pages\/127","targetHints":{"allow":["GET"]}}],"collection":[{"href":"https:\/\/network-corporate.fr\/index.php\/wp-json\/wp\/v2\/pages"}],"about":[{"href":"https:\/\/network-corporate.fr\/index.php\/wp-json\/wp\/v2\/types\/page"}],"author":[{"embeddable":true,"href":"https:\/\/network-corporate.fr\/index.php\/wp-json\/wp\/v2\/users\/1"}],"replies":[{"embeddable":true,"href":"https:\/\/network-corporate.fr\/index.php\/wp-json\/wp\/v2\/comments?post=127"}],"version-history":[{"count":2,"href":"https:\/\/network-corporate.fr\/index.php\/wp-json\/wp\/v2\/pages\/127\/revisions"}],"predecessor-version":[{"id":132,"href":"https:\/\/network-corporate.fr\/index.php\/wp-json\/wp\/v2\/pages\/127\/revisions\/132"}],"wp:attachment":[{"href":"https:\/\/network-corporate.fr\/index.php\/wp-json\/wp\/v2\/media?parent=127"}],"curies":[{"name":"wp","href":"https:\/\/api.w.org\/{rel}","templated":true}]}}