{"id":205,"date":"2024-12-27T14:03:41","date_gmt":"2024-12-27T13:03:41","guid":{"rendered":"https:\/\/network-corporate.fr\/?page_id=205"},"modified":"2024-12-30T13:01:53","modified_gmt":"2024-12-30T12:01:53","slug":"faire-un-bilan-dorientation","status":"publish","type":"page","link":"https:\/\/network-corporate.fr\/index.php\/faire-un-bilan-dorientation\/","title":{"rendered":"Faire un bilan d&#8217;orientation"},"content":{"rendered":"<p><\/p><p class=\"has-text-align-center\">Organiser Gratuitement et sans engagement avec un de nos conseillers un bilan d&#8217;orientation <\/p><div class=\"wp-block-group is-nowrap is-layout-flex wp-container-core-group-is-layout-ad2f72ca wp-block-group-is-layout-flex\"><figure class=\"wp-block-image size-large is-resized\"><img loading=\"lazy\" decoding=\"async\" width=\"1024\" height=\"683\" src=\"https:\/\/network-corporate.fr\/wp-content\/uploads\/2024\/12\/pexels-a-darmel-7710084-1-1024x683.jpg\" alt=\"\" class=\"wp-image-215\" style=\"width:265px;height:auto\" srcset=\"https:\/\/network-corporate.fr\/wp-content\/uploads\/2024\/12\/pexels-a-darmel-7710084-1-1024x683.jpg 1024w, https:\/\/network-corporate.fr\/wp-content\/uploads\/2024\/12\/pexels-a-darmel-7710084-1-scaled-600x400.jpg 600w, https:\/\/network-corporate.fr\/wp-content\/uploads\/2024\/12\/pexels-a-darmel-7710084-1-300x200.jpg 300w, https:\/\/network-corporate.fr\/wp-content\/uploads\/2024\/12\/pexels-a-darmel-7710084-1-768x512.jpg 768w, https:\/\/network-corporate.fr\/wp-content\/uploads\/2024\/12\/pexels-a-darmel-7710084-1-1536x1024.jpg 1536w, https:\/\/network-corporate.fr\/wp-content\/uploads\/2024\/12\/pexels-a-darmel-7710084-1-2048x1365.jpg 2048w\" sizes=\"auto, (max-width: 1024px) 100vw, 1024px\" \/><\/figure>\n\n<figure class=\"wp-block-image size-large is-resized\"><img loading=\"lazy\" decoding=\"async\" width=\"1024\" height=\"683\" src=\"https:\/\/network-corporate.fr\/wp-content\/uploads\/2024\/12\/pexels-mikhail-nilov-8101766-1024x683.jpg\" alt=\"\" class=\"wp-image-216\" style=\"width:265px;height:auto\" srcset=\"https:\/\/network-corporate.fr\/wp-content\/uploads\/2024\/12\/pexels-mikhail-nilov-8101766-1024x683.jpg 1024w, https:\/\/network-corporate.fr\/wp-content\/uploads\/2024\/12\/pexels-mikhail-nilov-8101766-scaled-600x400.jpg 600w, https:\/\/network-corporate.fr\/wp-content\/uploads\/2024\/12\/pexels-mikhail-nilov-8101766-300x200.jpg 300w, https:\/\/network-corporate.fr\/wp-content\/uploads\/2024\/12\/pexels-mikhail-nilov-8101766-768x512.jpg 768w, https:\/\/network-corporate.fr\/wp-content\/uploads\/2024\/12\/pexels-mikhail-nilov-8101766-1536x1024.jpg 1536w, https:\/\/network-corporate.fr\/wp-content\/uploads\/2024\/12\/pexels-mikhail-nilov-8101766-2048x1365.jpg 2048w\" sizes=\"auto, (max-width: 1024px) 100vw, 1024px\" \/><\/figure>\n\n<p><strong>1. Analyse de votre parcours<\/strong> : temps 10 minutes<\/p><\/div><p><\/p><div class=\"wp-block-group is-nowrap is-layout-flex wp-container-core-group-is-layout-ad2f72ca wp-block-group-is-layout-flex\"><figure class=\"wp-block-image size-large is-resized\"><img loading=\"lazy\" decoding=\"async\" width=\"1024\" height=\"683\" src=\"https:\/\/network-corporate.fr\/wp-content\/uploads\/2024\/12\/pexels-tiger-lily-7108729-1-1024x683.jpg\" alt=\"\" class=\"wp-image-217\" style=\"width:265px;height:auto\" srcset=\"https:\/\/network-corporate.fr\/wp-content\/uploads\/2024\/12\/pexels-tiger-lily-7108729-1-1024x683.jpg 1024w, https:\/\/network-corporate.fr\/wp-content\/uploads\/2024\/12\/pexels-tiger-lily-7108729-1-scaled-600x400.jpg 600w, https:\/\/network-corporate.fr\/wp-content\/uploads\/2024\/12\/pexels-tiger-lily-7108729-1-300x200.jpg 300w, https:\/\/network-corporate.fr\/wp-content\/uploads\/2024\/12\/pexels-tiger-lily-7108729-1-768x512.jpg 768w, https:\/\/network-corporate.fr\/wp-content\/uploads\/2024\/12\/pexels-tiger-lily-7108729-1-1536x1024.jpg 1536w, https:\/\/network-corporate.fr\/wp-content\/uploads\/2024\/12\/pexels-tiger-lily-7108729-1-2048x1365.jpg 2048w\" sizes=\"auto, (max-width: 1024px) 100vw, 1024px\" \/><\/figure>\n\n<figure class=\"wp-block-image size-large is-resized\"><img loading=\"lazy\" decoding=\"async\" width=\"1024\" height=\"683\" src=\"https:\/\/network-corporate.fr\/wp-content\/uploads\/2024\/12\/pexels-tima-miroshnichenko-6914061-1-1024x683.jpg\" alt=\"\" class=\"wp-image-218\" style=\"width:256px;height:auto\" srcset=\"https:\/\/network-corporate.fr\/wp-content\/uploads\/2024\/12\/pexels-tima-miroshnichenko-6914061-1-1024x683.jpg 1024w, https:\/\/network-corporate.fr\/wp-content\/uploads\/2024\/12\/pexels-tima-miroshnichenko-6914061-1-scaled-600x400.jpg 600w, https:\/\/network-corporate.fr\/wp-content\/uploads\/2024\/12\/pexels-tima-miroshnichenko-6914061-1-300x200.jpg 300w, https:\/\/network-corporate.fr\/wp-content\/uploads\/2024\/12\/pexels-tima-miroshnichenko-6914061-1-768x512.jpg 768w, https:\/\/network-corporate.fr\/wp-content\/uploads\/2024\/12\/pexels-tima-miroshnichenko-6914061-1-1536x1024.jpg 1536w, https:\/\/network-corporate.fr\/wp-content\/uploads\/2024\/12\/pexels-tima-miroshnichenko-6914061-1-2048x1365.jpg 2048w\" sizes=\"auto, (max-width: 1024px) 100vw, 1024px\" \/><\/figure>\n\n<p><strong>2. D\u00e9finition de votre projet<\/strong> : temps 5 minutes<\/p><\/div><p><\/p><div class=\"wp-block-group is-nowrap is-layout-flex wp-container-core-group-is-layout-ad2f72ca wp-block-group-is-layout-flex\"><figure class=\"wp-block-image size-large is-resized\"><img loading=\"lazy\" decoding=\"async\" width=\"1024\" height=\"683\" src=\"https:\/\/network-corporate.fr\/wp-content\/uploads\/2024\/12\/pexels-tima-miroshnichenko-6914418-1-1024x683.jpg\" alt=\"\" class=\"wp-image-219\" style=\"width:255px;height:auto\" srcset=\"https:\/\/network-corporate.fr\/wp-content\/uploads\/2024\/12\/pexels-tima-miroshnichenko-6914418-1-1024x683.jpg 1024w, https:\/\/network-corporate.fr\/wp-content\/uploads\/2024\/12\/pexels-tima-miroshnichenko-6914418-1-scaled-600x400.jpg 600w, https:\/\/network-corporate.fr\/wp-content\/uploads\/2024\/12\/pexels-tima-miroshnichenko-6914418-1-300x200.jpg 300w, https:\/\/network-corporate.fr\/wp-content\/uploads\/2024\/12\/pexels-tima-miroshnichenko-6914418-1-768x512.jpg 768w, https:\/\/network-corporate.fr\/wp-content\/uploads\/2024\/12\/pexels-tima-miroshnichenko-6914418-1-1536x1024.jpg 1536w, https:\/\/network-corporate.fr\/wp-content\/uploads\/2024\/12\/pexels-tima-miroshnichenko-6914418-1-2048x1365.jpg 2048w\" sizes=\"auto, (max-width: 1024px) 100vw, 1024px\" \/><\/figure>\n\n<figure class=\"wp-block-image size-large is-resized\"><img loading=\"lazy\" decoding=\"async\" width=\"1024\" height=\"684\" src=\"https:\/\/network-corporate.fr\/wp-content\/uploads\/2024\/12\/pexels-shkrabaanthony-5816297-1-1024x684.jpg\" alt=\"\" class=\"wp-image-221\" style=\"width:256px;height:auto\" srcset=\"https:\/\/network-corporate.fr\/wp-content\/uploads\/2024\/12\/pexels-shkrabaanthony-5816297-1-1024x684.jpg 1024w, https:\/\/network-corporate.fr\/wp-content\/uploads\/2024\/12\/pexels-shkrabaanthony-5816297-1-scaled-600x401.jpg 600w, https:\/\/network-corporate.fr\/wp-content\/uploads\/2024\/12\/pexels-shkrabaanthony-5816297-1-300x200.jpg 300w, https:\/\/network-corporate.fr\/wp-content\/uploads\/2024\/12\/pexels-shkrabaanthony-5816297-1-768x513.jpg 768w, https:\/\/network-corporate.fr\/wp-content\/uploads\/2024\/12\/pexels-shkrabaanthony-5816297-1-1536x1026.jpg 1536w, https:\/\/network-corporate.fr\/wp-content\/uploads\/2024\/12\/pexels-shkrabaanthony-5816297-1-2048x1369.jpg 2048w\" sizes=\"auto, (max-width: 1024px) 100vw, 1024px\" \/><\/figure>\n\n<p><strong>3. Pr\u00e9sentation du\/des parcours personnalis\u00e9(s)<\/strong> : temps 10 minutes<\/p><\/div><p><\/p><div class=\"wp-block-group is-nowrap is-layout-flex wp-container-core-group-is-layout-ad2f72ca wp-block-group-is-layout-flex\"><figure class=\"wp-block-image size-large is-resized\"><img loading=\"lazy\" decoding=\"async\" width=\"1024\" height=\"683\" src=\"https:\/\/network-corporate.fr\/wp-content\/uploads\/2024\/12\/pexels-gustavo-fring-4872014-1024x683.jpg\" alt=\"\" class=\"wp-image-222\" style=\"width:252px;height:auto\" srcset=\"https:\/\/network-corporate.fr\/wp-content\/uploads\/2024\/12\/pexels-gustavo-fring-4872014-1024x683.jpg 1024w, https:\/\/network-corporate.fr\/wp-content\/uploads\/2024\/12\/pexels-gustavo-fring-4872014-scaled-600x400.jpg 600w, https:\/\/network-corporate.fr\/wp-content\/uploads\/2024\/12\/pexels-gustavo-fring-4872014-300x200.jpg 300w, https:\/\/network-corporate.fr\/wp-content\/uploads\/2024\/12\/pexels-gustavo-fring-4872014-768x512.jpg 768w, https:\/\/network-corporate.fr\/wp-content\/uploads\/2024\/12\/pexels-gustavo-fring-4872014-1536x1024.jpg 1536w, https:\/\/network-corporate.fr\/wp-content\/uploads\/2024\/12\/pexels-gustavo-fring-4872014-2048x1365.jpg 2048w\" sizes=\"auto, (max-width: 1024px) 100vw, 1024px\" \/><\/figure>\n\n<figure class=\"wp-block-image size-large is-resized\"><img loading=\"lazy\" decoding=\"async\" width=\"1024\" height=\"683\" src=\"https:\/\/network-corporate.fr\/wp-content\/uploads\/2024\/12\/pexels-mikhail-nilov-8101968-1024x683.jpg\" alt=\"\" class=\"wp-image-223\" style=\"width:250px;height:auto\" srcset=\"https:\/\/network-corporate.fr\/wp-content\/uploads\/2024\/12\/pexels-mikhail-nilov-8101968-1024x683.jpg 1024w, https:\/\/network-corporate.fr\/wp-content\/uploads\/2024\/12\/pexels-mikhail-nilov-8101968-scaled-600x400.jpg 600w, https:\/\/network-corporate.fr\/wp-content\/uploads\/2024\/12\/pexels-mikhail-nilov-8101968-300x200.jpg 300w, https:\/\/network-corporate.fr\/wp-content\/uploads\/2024\/12\/pexels-mikhail-nilov-8101968-768x512.jpg 768w, https:\/\/network-corporate.fr\/wp-content\/uploads\/2024\/12\/pexels-mikhail-nilov-8101968-1536x1024.jpg 1536w, https:\/\/network-corporate.fr\/wp-content\/uploads\/2024\/12\/pexels-mikhail-nilov-8101968-2048x1365.jpg 2048w\" sizes=\"auto, (max-width: 1024px) 100vw, 1024px\" \/><\/figure>\n\n<p><strong>4. \u00c9tude de vos solutions de financement<\/strong> : temps 5 minutes<\/p><\/div><p><\/p><p><strong>Livret d&#8217;accueil \u00e9tudiant<\/strong><\/p><div data-wp-interactive=\"core\/file\" class=\"wp-block-file\"><object data-wp-bind--hidden=\"!state.hasPdfPreview\" hidden class=\"wp-block-file__embed\" data=\"https:\/\/network-corporate.fr\/wp-content\/uploads\/2024\/12\/Livret-d_accueil.pdf\" type=\"application\/pdf\" style=\"width:100%;height:200px\" aria-label=\"Embed of Livret d_accueil.\"><\/object><a id=\"wp-block-file--media-91fd4a9d-f265-42e4-ad1a-1ba0a5e704d7\" href=\"https:\/\/network-corporate.fr\/wp-content\/uploads\/2024\/12\/Livret-d_accueil.pdf\">Livret d_accueil<\/a><a href=\"https:\/\/network-corporate.fr\/wp-content\/uploads\/2024\/12\/Livret-d_accueil.pdf\" class=\"wp-block-file__button wp-element-button\" download aria-describedby=\"wp-block-file--media-91fd4a9d-f265-42e4-ad1a-1ba0a5e704d7\">Download<\/a><\/div><p class=\"has-text-align-center\">contacter nous par mail ou par telephone<\/p><p class=\"has-text-align-center\">T\u00e9l : <strong>04.83.155.887 <\/strong>ou bilan.orientation@network-corporate.fr<\/p><p><\/p><p><\/p>","protected":false},"excerpt":{"rendered":"<p>Organiser Gratuitement et sans engagement avec un de nos conseillers un bilan d&#8217;orientation 1. Analyse de votre parcours : temps 10 minutes 2. D\u00e9finition de votre projet : temps 5 minutes 3. Pr\u00e9sentation du\/des parcours personnalis\u00e9(s) : temps 10 minutes 4. \u00c9tude de vos solutions de financement : temps 5 minutes Livret d&#8217;accueil \u00e9tudiant contacter [&hellip;]<\/p>\n","protected":false},"author":1,"featured_media":0,"parent":0,"menu_order":0,"comment_status":"closed","ping_status":"closed","template":"","meta":{"footnotes":""},"class_list":["post-205","page","type-page","status-publish","hentry"],"_links":{"self":[{"href":"https:\/\/network-corporate.fr\/index.php\/wp-json\/wp\/v2\/pages\/205","targetHints":{"allow":["GET"]}}],"collection":[{"href":"https:\/\/network-corporate.fr\/index.php\/wp-json\/wp\/v2\/pages"}],"about":[{"href":"https:\/\/network-corporate.fr\/index.php\/wp-json\/wp\/v2\/types\/page"}],"author":[{"embeddable":true,"href":"https:\/\/network-corporate.fr\/index.php\/wp-json\/wp\/v2\/users\/1"}],"replies":[{"embeddable":true,"href":"https:\/\/network-corporate.fr\/index.php\/wp-json\/wp\/v2\/comments?post=205"}],"version-history":[{"count":12,"href":"https:\/\/network-corporate.fr\/index.php\/wp-json\/wp\/v2\/pages\/205\/revisions"}],"predecessor-version":[{"id":252,"href":"https:\/\/network-corporate.fr\/index.php\/wp-json\/wp\/v2\/pages\/205\/revisions\/252"}],"wp:attachment":[{"href":"https:\/\/network-corporate.fr\/index.php\/wp-json\/wp\/v2\/media?parent=205"}],"curies":[{"name":"wp","href":"https:\/\/api.w.org\/{rel}","templated":true}]}}